{"id":12,"date":"2025-07-20T20:22:47","date_gmt":"2025-07-20T20:22:47","guid":{"rendered":"https:\/\/litarkao.ranttis.com\/about\/"},"modified":"2025-07-21T20:37:52","modified_gmt":"2025-07-21T20:37:52","slug":"about","status":"publish","type":"page","link":"https:\/\/litarkao.ranttis.com\/en\/about\/","title":{"rendered":"sobre nosotros"},"content":{"rendered":"<div class=\"wp-block-uagb-container uagb-block-4647fab8 alignfull uagb-is-root-container\"><div class=\"uagb-container-inner-blocks-wrap\">\n<div class=\"wp-block-uagb-advanced-heading uagb-block-6533e1ae\"><h1 class=\"uagb-heading-text\">Quienes somos<\/h1><\/div>\n<\/div><\/div>\n\n\n\n<div class=\"wp-block-uagb-container uagb-block-676e7f3b alignfull uagb-is-root-container\"><div class=\"uagb-container-inner-blocks-wrap\">\n<div class=\"wp-block-uagb-advanced-heading uagb-block-9702b4fc\"><h4 class=\"uagb-heading-text\">Compromiso con la calidad<br><\/h4><\/div>\n\n\n\n<div class=\"wp-block-uagb-advanced-heading uagb-block-a3fe2179\"><p class=\"uagb-heading-text\"><br>Nuestro cacao ha sido <strong>galardonado en tres ocasiones como el mejor del pa\u00eds<\/strong>, gracias al cuidado meticuloso que aplicamos en cada etapa del proceso: desde la siembra y cosecha en fincas familiares, hasta la fermentaci\u00f3n, secado y elaboraci\u00f3n artesanal del chocolate.<br><strong>No utilizamos aditivos ni procesos industriales masivos.<\/strong> En su lugar, preferimos el trabajo manual, la selecci\u00f3n cuidadosa de granos y t\u00e9cnicas tradicionales que garantizan una textura suave, un aroma inconfundible y un sabor aut\u00e9ntico.<\/p><\/div>\n<\/div><\/div>\n\n\n\n<div class=\"wp-block-uagb-container uagb-block-06db42e4 alignfull uagb-is-root-container\"><div class=\"uagb-container-inner-blocks-wrap\">\n<div class=\"wp-block-uagb-advanced-heading uagb-block-5a3375c9\"><h2 class=\"uagb-heading-text\">Sobre Nosotros<br><\/h2><\/div>\n\n\n\n<div class=\"wp-block-uagb-advanced-heading uagb-block-0ed66a61\"><h4 class=\"uagb-heading-text\"><strong>Un legado montubio convertido en chocolate de excelencia<\/strong><br><\/h4><\/div>\n<\/div><\/div>\n\n\n\n<div class=\"wp-block-uagb-container uagb-block-302739ed alignfull uagb-is-root-container\"><div class=\"uagb-container-inner-blocks-wrap\">\n<p><br>LITARKAO nace en el coraz\u00f3n de <strong>Vinces, Los R\u00edos, Ecuador<\/strong>, una tierra f\u00e9rtil, cargada de historia, cultura y tradici\u00f3n cacaotera. Fundada en 2017 por <strong>Julio Litardo<\/strong>, un montubio ecuatoriano profundamente comprometido con su identidad y su comunidad, LITARKAO es m\u00e1s que una marca de chocolate: es un homenaje a la tierra que lo vio crecer, a sus ra\u00edces, a su gente y, sobre todo, al cacao fino de aroma, considerado uno de los mejores del mundo.<\/p>\n\n\n\n<p>Desde el inicio, nuestra misi\u00f3n fue clara: <strong>transformar el mejor cacao del Ecuador en una experiencia sensorial que represente al pa\u00eds con orgullo y autenticidad<\/strong>. Cada barra de LITARKAO es elaborada con ingredientes org\u00e1nicos, libres de lactosa, soya, gluten y transg\u00e9nicos, cuidando no solo la calidad sino tambi\u00e9n la salud y conciencia de nuestros consumidores.<\/p>\n<\/div><\/div>\n\n\n\n<div class=\"wp-block-uagb-container uagb-block-6ef36fac alignfull uagb-is-root-container\"><div class=\"uagb-container-inner-blocks-wrap\"><\/div><\/div>\n\n\n\n<div class=\"wp-block-uagb-container uagb-block-0a3d2506 alignfull uagb-is-root-container\"><div class=\"uagb-container-inner-blocks-wrap\">\n<div class=\"wp-block-uagb-container uagb-block-bc9ef145\">\n<figure class=\"wp-block-video\"><video controls loop poster=\"http:\/\/litarkao.ranttis.com\/wp-content\/uploads\/2025\/07\/Diseno-sin-titulo-1.png\" src=\"https:\/\/litarkao.ranttis.com\/wp-content\/uploads\/2025\/07\/CHOCOLATE-FINO-HECHO-EN-ECUADOR-2.mp4\" playsinline><\/video><\/figure>\n\n\n\n<h2 class=\"wp-block-heading\">M\u00e1s que chocolate<\/h2>\n\n\n\n<p>LITARKAO tambi\u00e9n es un <strong>proyecto con impacto social<\/strong>. Apostamos por el desarrollo local, empleando talento de nuestra propia comunidad, y retribuyendo con oportunidades a quienes cultivan y preservan nuestro cacao. Creemos en el comercio justo, en el respeto a la naturaleza y en el poder transformador de nuestras ra\u00edces.<\/p>\n\n\n\n<p class=\"is-style-default\">Cada producto que vendemos lleva consigo una historia: la historia de un pueblo, de una familia, de un sue\u00f1o que se transforma en sabor. Un sabor que cruza fronteras y lleva el nombre de Ecuador al mundo.<\/p>\n<\/div>\n<\/div><\/div>\n\n\n\n<p>Queremos que <strong>LITARKAO se convierta en un embajador del verdadero chocolate ecuatoriano en Europa y el mundo.<\/strong> Estamos construyendo una marca que une lo ancestral con lo moderno, lo rural con lo global, lo simple con lo sublime. Porque creemos que cuando algo se hace con amor, respeto y prop\u00f3sito, se vuelve extraordinario.<\/p>\n\n\n\n<div class=\"wp-block-uagb-container uagb-block-d4fd2590 alignfull uagb-is-root-container\"><div class=\"uagb-container-inner-blocks-wrap\">\n<div class=\"wp-block-uagb-container uagb-block-8da4c110\">\n<h4 class=\"wp-block-heading\">Julio Litardo<\/h4>\n\n\n\n<p>CEO<\/p>\n\n\n\n<figure class=\"wp-block-image size-full is-resized\"><img loading=\"lazy\" decoding=\"async\" width=\"944\" height=\"944\" src=\"https:\/\/litarkao.ranttis.com\/wp-content\/uploads\/2025\/07\/imagen_2025-07-21_130030910.png\" alt=\"imagen 2025 07 21 130030910\" class=\"wp-image-1456\" style=\"width:263px;height:auto\" title=\"sobre nosotros\" srcset=\"https:\/\/litarkao.ranttis.com\/wp-content\/uploads\/2025\/07\/imagen_2025-07-21_130030910.png 944w, https:\/\/litarkao.ranttis.com\/wp-content\/uploads\/2025\/07\/imagen_2025-07-21_130030910-300x300.png 300w, https:\/\/litarkao.ranttis.com\/wp-content\/uploads\/2025\/07\/imagen_2025-07-21_130030910-150x150.png 150w, https:\/\/litarkao.ranttis.com\/wp-content\/uploads\/2025\/07\/imagen_2025-07-21_130030910-768x768.png 768w, https:\/\/litarkao.ranttis.com\/wp-content\/uploads\/2025\/07\/imagen_2025-07-21_130030910-600x600.png 600w, https:\/\/litarkao.ranttis.com\/wp-content\/uploads\/2025\/07\/imagen_2025-07-21_130030910-100x100.png 100w\" sizes=\"auto, (max-width: 944px) 100vw, 944px\" \/><\/figure>\n<\/div>\n\n\n\n<div class=\"wp-block-uagb-container uagb-block-9c1ab829\">\n<h5 class=\"wp-block-heading\">Carmen L\u00f3pez<\/h5>\n\n\n\n<p>Co-Founder<\/p>\n\n\n\n<figure class=\"wp-block-image size-full is-resized\"><img loading=\"lazy\" decoding=\"async\" width=\"946\" height=\"946\" src=\"https:\/\/litarkao.ranttis.com\/wp-content\/uploads\/2025\/07\/imagen_2025-07-21_130214766.png\" alt=\"imagen 2025 07 21 130214766\" class=\"wp-image-1458\" style=\"width:225px;height:auto\" title=\"sobre nosotros\" srcset=\"https:\/\/litarkao.ranttis.com\/wp-content\/uploads\/2025\/07\/imagen_2025-07-21_130214766.png 946w, https:\/\/litarkao.ranttis.com\/wp-content\/uploads\/2025\/07\/imagen_2025-07-21_130214766-300x300.png 300w, https:\/\/litarkao.ranttis.com\/wp-content\/uploads\/2025\/07\/imagen_2025-07-21_130214766-150x150.png 150w, https:\/\/litarkao.ranttis.com\/wp-content\/uploads\/2025\/07\/imagen_2025-07-21_130214766-768x768.png 768w, https:\/\/litarkao.ranttis.com\/wp-content\/uploads\/2025\/07\/imagen_2025-07-21_130214766-600x600.png 600w, https:\/\/litarkao.ranttis.com\/wp-content\/uploads\/2025\/07\/imagen_2025-07-21_130214766-100x100.png 100w\" sizes=\"auto, (max-width: 946px) 100vw, 946px\" \/><\/figure>\n<\/div>\n\n\n\n<div class=\"wp-block-uagb-container uagb-block-1f763487\">\n<h5 class=\"wp-block-heading\">Tatiana Litardo<\/h5>\n\n\n\n<p>Enviromental Engineer<\/p>\n\n\n\n<figure class=\"wp-block-image size-full is-resized\"><img loading=\"lazy\" decoding=\"async\" width=\"780\" height=\"780\" src=\"https:\/\/litarkao.ranttis.com\/wp-content\/uploads\/2025\/07\/imagen_2025-07-21_130348622.png\" alt=\"imagen 2025 07 21 130348622\" class=\"wp-image-1459\" style=\"width:229px;height:auto\" title=\"sobre nosotros\" srcset=\"https:\/\/litarkao.ranttis.com\/wp-content\/uploads\/2025\/07\/imagen_2025-07-21_130348622.png 780w, https:\/\/litarkao.ranttis.com\/wp-content\/uploads\/2025\/07\/imagen_2025-07-21_130348622-300x300.png 300w, https:\/\/litarkao.ranttis.com\/wp-content\/uploads\/2025\/07\/imagen_2025-07-21_130348622-150x150.png 150w, https:\/\/litarkao.ranttis.com\/wp-content\/uploads\/2025\/07\/imagen_2025-07-21_130348622-768x768.png 768w, https:\/\/litarkao.ranttis.com\/wp-content\/uploads\/2025\/07\/imagen_2025-07-21_130348622-600x600.png 600w, https:\/\/litarkao.ranttis.com\/wp-content\/uploads\/2025\/07\/imagen_2025-07-21_130348622-100x100.png 100w\" sizes=\"auto, (max-width: 780px) 100vw, 780px\" \/><\/figure>\n<\/div>\n\n\n\n<div class=\"wp-block-uagb-container uagb-block-17934110\">\n<h5 class=\"wp-block-heading\">Carla Litardo<\/h5>\n\n\n\n<p>Electronic and Network Engineer<\/p>\n\n\n\n<figure class=\"wp-block-image size-full is-resized\"><img loading=\"lazy\" decoding=\"async\" width=\"482\" height=\"482\" src=\"https:\/\/litarkao.ranttis.com\/wp-content\/uploads\/2025\/07\/imagen_2025-07-21_130532652.png\" alt=\"imagen 2025 07 21 130532652\" class=\"wp-image-1460\" style=\"width:236px;height:auto\" title=\"sobre nosotros\" srcset=\"https:\/\/litarkao.ranttis.com\/wp-content\/uploads\/2025\/07\/imagen_2025-07-21_130532652.png 482w, https:\/\/litarkao.ranttis.com\/wp-content\/uploads\/2025\/07\/imagen_2025-07-21_130532652-300x300.png 300w, https:\/\/litarkao.ranttis.com\/wp-content\/uploads\/2025\/07\/imagen_2025-07-21_130532652-150x150.png 150w, https:\/\/litarkao.ranttis.com\/wp-content\/uploads\/2025\/07\/imagen_2025-07-21_130532652-100x100.png 100w\" sizes=\"auto, (max-width: 482px) 100vw, 482px\" \/><\/figure>\n<\/div>\n<\/div><\/div>\n\n\n\n<p><\/p>","protected":false},"excerpt":{"rendered":"<p>Quienes somos Compromiso con la calidad Nuestro cacao ha sido galardonado en tres ocasiones como el mejor del pa\u00eds, gracias al cuidado meticuloso que aplicamos en cada etapa del proceso: desde la siembra y cosecha en fincas familiares, hasta la fermentaci\u00f3n, secado y elaboraci\u00f3n artesanal del chocolate.No utilizamos aditivos ni procesos industriales masivos. En su [&hellip;]<\/p>","protected":false},"author":2,"featured_media":0,"parent":0,"menu_order":0,"comment_status":"closed","ping_status":"closed","template":"","meta":{"_coblocks_attr":"","_coblocks_dimensions":"","_coblocks_responsive_height":"","_coblocks_accordion_ie_support":"","_uag_custom_page_level_css":"","site-sidebar-layout":"no-sidebar","site-content-layout":"plain-container","ast-site-content-layout":"normal-width-container","site-content-style":"unboxed","site-sidebar-style":"unboxed","ast-global-header-display":"","ast-banner-title-visibility":"","ast-main-header-display":"","ast-hfb-above-header-display":"","ast-hfb-below-header-display":"","ast-hfb-mobile-header-display":"","site-post-title":"disabled","ast-breadcrumbs-content":"","ast-featured-img":"","footer-sml-layout":"","theme-transparent-header-meta":"enabled","adv-header-id-meta":"","stick-header-meta":"","header-above-stick-meta":"","header-main-stick-meta":"","header-below-stick-meta":"","astra-migrate-meta-layouts":"set","ast-page-background-enabled":"default","ast-page-background-meta":{"desktop":{"background-color":"var(--ast-global-color-4)","background-image":"","background-repeat":"repeat","background-position":"center center","background-size":"auto","background-attachment":"scroll","background-type":"","background-media":"","overlay-type":"","overlay-color":"","overlay-opacity":"","overlay-gradient":""},"tablet":{"background-color":"","background-image":"","background-repeat":"repeat","background-position":"center center","background-size":"auto","background-attachment":"scroll","background-type":"","background-media":"","overlay-type":"","overlay-color":"","overlay-opacity":"","overlay-gradient":""},"mobile":{"background-color":"","background-image":"","background-repeat":"repeat","background-position":"center center","background-size":"auto","background-attachment":"scroll","background-type":"","background-media":"","overlay-type":"","overlay-color":"","overlay-opacity":"","overlay-gradient":""}},"ast-content-background-meta":{"desktop":{"background-color":"var(--ast-global-color-5)","background-image":"","background-repeat":"repeat","background-position":"center center","background-size":"auto","background-attachment":"scroll","background-type":"","background-media":"","overlay-type":"","overlay-color":"","overlay-opacity":"","overlay-gradient":""},"tablet":{"background-color":"var(--ast-global-color-5)","background-image":"","background-repeat":"repeat","background-position":"center center","background-size":"auto","background-attachment":"scroll","background-type":"","background-media":"","overlay-type":"","overlay-color":"","overlay-opacity":"","overlay-gradient":""},"mobile":{"background-color":"var(--ast-global-color-5)","background-image":"","background-repeat":"repeat","background-position":"center center","background-size":"auto","background-attachment":"scroll","background-type":"","background-media":"","overlay-type":"","overlay-color":"","overlay-opacity":"","overlay-gradient":""}},"footnotes":""},"class_list":["post-12","page","type-page","status-publish","hentry"],"uagb_featured_image_src":{"full":false,"thumbnail":false,"medium":false,"medium_large":false,"large":false,"1536x1536":false,"2048x2048":false,"trp-custom-language-flag":false,"woocommerce_thumbnail":false,"woocommerce_single":false,"woocommerce_gallery_thumbnail":false},"uagb_author_info":{"display_name":"jair","author_link":"https:\/\/litarkao.ranttis.com\/en\/author\/jair\/"},"uagb_comment_info":0,"uagb_excerpt":"Quienes somos Compromiso con la calidad Nuestro cacao ha sido galardonado en tres ocasiones como el mejor del pa\u00eds, gracias al cuidado meticuloso que aplicamos en cada etapa del proceso: desde la siembra y cosecha en fincas familiares, hasta la fermentaci\u00f3n, secado y elaboraci\u00f3n artesanal del chocolate.No utilizamos aditivos ni procesos industriales masivos. En su&hellip;","_links":{"self":[{"href":"https:\/\/litarkao.ranttis.com\/en\/wp-json\/wp\/v2\/pages\/12","targetHints":{"allow":["GET"]}}],"collection":[{"href":"https:\/\/litarkao.ranttis.com\/en\/wp-json\/wp\/v2\/pages"}],"about":[{"href":"https:\/\/litarkao.ranttis.com\/en\/wp-json\/wp\/v2\/types\/page"}],"author":[{"embeddable":true,"href":"https:\/\/litarkao.ranttis.com\/en\/wp-json\/wp\/v2\/users\/2"}],"replies":[{"embeddable":true,"href":"https:\/\/litarkao.ranttis.com\/en\/wp-json\/wp\/v2\/comments?post=12"}],"version-history":[{"count":4,"href":"https:\/\/litarkao.ranttis.com\/en\/wp-json\/wp\/v2\/pages\/12\/revisions"}],"predecessor-version":[{"id":1461,"href":"https:\/\/litarkao.ranttis.com\/en\/wp-json\/wp\/v2\/pages\/12\/revisions\/1461"}],"wp:attachment":[{"href":"https:\/\/litarkao.ranttis.com\/en\/wp-json\/wp\/v2\/media?parent=12"}],"curies":[{"name":"wp","href":"https:\/\/api.w.org\/{rel}","templated":true}]}}