{"id":1360,"date":"2025-07-20T20:56:10","date_gmt":"2025-07-20T20:56:10","guid":{"rendered":"https:\/\/litarkao.ranttis.com\/?post_type=product&#038;p=1360"},"modified":"2025-07-20T20:56:10","modified_gmt":"2025-07-20T20:56:10","slug":"100-fine-cocoa-aroma-bar","status":"publish","type":"product","link":"https:\/\/litarkao.ranttis.com\/en\/product\/100-fine-cocoa-aroma-bar\/","title":{"rendered":"100% Fine Cocoa Aroma Bar"},"content":{"rendered":"<p>Experimenta la esencia m\u00e1s pura del cacao con nuestra Barra de Chocolate 100% Fino Aroma Cacao. Sin az\u00facares a\u00f1adidos, esta barra es una celebraci\u00f3n de la riqueza natural del cacao ecuatoriano, ofreciendo un perfil de sabor complejo y robusto. Ideal para puristas y para quienes buscan la m\u00e1xima expresi\u00f3n del chocolate, con un sabor aut\u00e9ntico y sin compromisos.<\/p>","protected":false},"excerpt":{"rendered":"<p>Barra de chocolate 100% cacao, 100% org\u00e1nica y elaborada con 100% ingredientes ecuatorianos. Peso neto: 1.76 oz (50g).<\/p>","protected":false},"featured_media":1192,"comment_status":"open","ping_status":"closed","template":"","meta":{"_coblocks_attr":"","_coblocks_dimensions":"","_coblocks_responsive_height":"","_coblocks_accordion_ie_support":"","_uag_custom_page_level_css":"","site-sidebar-layout":"default","site-content-layout":"","ast-site-content-layout":"default","site-content-style":"default","site-sidebar-style":"default","ast-global-header-display":"","ast-banner-title-visibility":"","ast-main-header-display":"","ast-hfb-above-header-display":"","ast-hfb-below-header-display":"","ast-hfb-mobile-header-display":"","site-post-title":"","ast-breadcrumbs-content":"","ast-featured-img":"","footer-sml-layout":"","theme-transparent-header-meta":"default","adv-header-id-meta":"","stick-header-meta":"","header-above-stick-meta":"","header-main-stick-meta":"","header-below-stick-meta":"","astra-migrate-meta-layouts":"set","ast-page-background-enabled":"default","ast-page-background-meta":{"desktop":{"background-color":"var(--ast-global-color-4)","background-image":"","background-repeat":"repeat","background-position":"center center","background-size":"auto","background-attachment":"scroll","background-type":"","background-media":"","overlay-type":"","overlay-color":"","overlay-opacity":"","overlay-gradient":""},"tablet":{"background-color":"","background-image":"","background-repeat":"repeat","background-position":"center center","background-size":"auto","background-attachment":"scroll","background-type":"","background-media":"","overlay-type":"","overlay-color":"","overlay-opacity":"","overlay-gradient":""},"mobile":{"background-color":"","background-image":"","background-repeat":"repeat","background-position":"center center","background-size":"auto","background-attachment":"scroll","background-type":"","background-media":"","overlay-type":"","overlay-color":"","overlay-opacity":"","overlay-gradient":""}},"ast-content-background-meta":{"desktop":{"background-color":"var(--ast-global-color-5)","background-image":"","background-repeat":"repeat","background-position":"center center","background-size":"auto","background-attachment":"scroll","background-type":"","background-media":"","overlay-type":"","overlay-color":"","overlay-opacity":"","overlay-gradient":""},"tablet":{"background-color":"var(--ast-global-color-5)","background-image":"","background-repeat":"repeat","background-position":"center center","background-size":"auto","background-attachment":"scroll","background-type":"","background-media":"","overlay-type":"","overlay-color":"","overlay-opacity":"","overlay-gradient":""},"mobile":{"background-color":"var(--ast-global-color-5)","background-image":"","background-repeat":"repeat","background-position":"center center","background-size":"auto","background-attachment":"scroll","background-type":"","background-media":"","overlay-type":"","overlay-color":"","overlay-opacity":"","overlay-gradient":""}}},"product_brand":[],"product_cat":[20],"product_tag":[21],"class_list":{"0":"post-1360","1":"product","2":"type-product","3":"status-publish","4":"has-post-thumbnail","6":"product_cat-barras-de-chocolate","7":"product_tag-barras","8":"desktop-align-left","9":"tablet-align-left","10":"mobile-align-left","12":"first","13":"instock","14":"shipping-taxable","15":"purchasable","16":"product-type-simple"},"uagb_featured_image_src":{"full":["https:\/\/litarkao.ranttis.com\/wp-content\/uploads\/2025\/07\/3-1.jpg",1080,1080,false],"thumbnail":["https:\/\/litarkao.ranttis.com\/wp-content\/uploads\/2025\/07\/3-1-150x150.jpg",150,150,true],"medium":["https:\/\/litarkao.ranttis.com\/wp-content\/uploads\/2025\/07\/3-1-300x300.jpg",300,300,true],"medium_large":["https:\/\/litarkao.ranttis.com\/wp-content\/uploads\/2025\/07\/3-1-768x768.jpg",768,768,true],"large":["https:\/\/litarkao.ranttis.com\/wp-content\/uploads\/2025\/07\/3-1-1024x1024.jpg",1024,1024,true],"1536x1536":["https:\/\/litarkao.ranttis.com\/wp-content\/uploads\/2025\/07\/3-1.jpg",1080,1080,false],"2048x2048":["https:\/\/litarkao.ranttis.com\/wp-content\/uploads\/2025\/07\/3-1.jpg",1080,1080,false],"trp-custom-language-flag":["https:\/\/litarkao.ranttis.com\/wp-content\/uploads\/2025\/07\/3-1.jpg",12,12,false],"woocommerce_thumbnail":["https:\/\/litarkao.ranttis.com\/wp-content\/uploads\/2025\/07\/3-1-300x300.jpg",300,300,true],"woocommerce_single":["https:\/\/litarkao.ranttis.com\/wp-content\/uploads\/2025\/07\/3-1-600x600.jpg",600,600,true],"woocommerce_gallery_thumbnail":["https:\/\/litarkao.ranttis.com\/wp-content\/uploads\/2025\/07\/3-1-100x100.jpg",100,100,true]},"uagb_author_info":{"display_name":"jair","author_link":"https:\/\/litarkao.ranttis.com\/en\/author\/"},"uagb_comment_info":0,"uagb_excerpt":"Barra de chocolate 100% cacao, 100% org\u00e1nica y elaborada con 100% ingredientes ecuatorianos. Peso neto: 1.76 oz (50g).","_links":{"self":[{"href":"https:\/\/litarkao.ranttis.com\/en\/wp-json\/wp\/v2\/product\/1360","targetHints":{"allow":["GET"]}}],"collection":[{"href":"https:\/\/litarkao.ranttis.com\/en\/wp-json\/wp\/v2\/product"}],"about":[{"href":"https:\/\/litarkao.ranttis.com\/en\/wp-json\/wp\/v2\/types\/product"}],"replies":[{"embeddable":true,"href":"https:\/\/litarkao.ranttis.com\/en\/wp-json\/wp\/v2\/comments?post=1360"}],"wp:featuredmedia":[{"embeddable":true,"href":"https:\/\/litarkao.ranttis.com\/en\/wp-json\/wp\/v2\/media\/1192"}],"wp:attachment":[{"href":"https:\/\/litarkao.ranttis.com\/en\/wp-json\/wp\/v2\/media?parent=1360"}],"wp:term":[{"taxonomy":"product_brand","embeddable":true,"href":"https:\/\/litarkao.ranttis.com\/en\/wp-json\/wp\/v2\/product_brand?post=1360"},{"taxonomy":"product_cat","embeddable":true,"href":"https:\/\/litarkao.ranttis.com\/en\/wp-json\/wp\/v2\/product_cat?post=1360"},{"taxonomy":"product_tag","embeddable":true,"href":"https:\/\/litarkao.ranttis.com\/en\/wp-json\/wp\/v2\/product_tag?post=1360"}],"curies":[{"name":"wp","href":"https:\/\/api.w.org\/{rel}","templated":true}]}}