{"id":1364,"date":"2025-07-20T21:10:27","date_gmt":"2025-07-20T21:10:27","guid":{"rendered":"https:\/\/litarkao.ranttis.com\/?post_type=product&#038;p=1364"},"modified":"2025-07-20T21:18:30","modified_gmt":"2025-07-20T21:18:30","slug":"chocolate-coated-dried-cranberry","status":"publish","type":"product","link":"https:\/\/litarkao.ranttis.com\/es_ec\/producto\/chocolate-coated-dried-cranberry\/","title":{"rendered":"Chocolate-Coated Dried Cranberry"},"content":{"rendered":"<p>Disfruta de la explosi\u00f3n de sabor de nuestros ar\u00e1ndanos deshidratados, cubiertos con una fina capa de chocolate premium Litarkao. La acidez natural y vibrante del ar\u00e1ndano se equilibra a la perfecci\u00f3n con la dulzura y cremosidad del chocolate, creando un contraste delicioso y adictivo. Un bocado lleno de energ\u00eda y sabor.<\/p>\n","protected":false},"excerpt":{"rendered":"<p>Ar\u00e1ndanos deshidratados cubiertos con chocolate de rico aroma a cacao. 1 Paquete. Peso neto: 7.05 oz (200g).<\/p>\n","protected":false},"featured_media":1365,"comment_status":"open","ping_status":"closed","template":"","meta":{"_coblocks_attr":"","_coblocks_dimensions":"","_coblocks_responsive_height":"","_coblocks_accordion_ie_support":"","_uag_custom_page_level_css":"","site-sidebar-layout":"default","site-content-layout":"","ast-site-content-layout":"default","site-content-style":"default","site-sidebar-style":"default","ast-global-header-display":"","ast-banner-title-visibility":"","ast-main-header-display":"","ast-hfb-above-header-display":"","ast-hfb-below-header-display":"","ast-hfb-mobile-header-display":"","site-post-title":"","ast-breadcrumbs-content":"","ast-featured-img":"","footer-sml-layout":"","theme-transparent-header-meta":"default","adv-header-id-meta":"","stick-header-meta":"","header-above-stick-meta":"","header-main-stick-meta":"","header-below-stick-meta":"","astra-migrate-meta-layouts":"set","ast-page-background-enabled":"default","ast-page-background-meta":{"desktop":{"background-color":"var(--ast-global-color-4)","background-image":"","background-repeat":"repeat","background-position":"center center","background-size":"auto","background-attachment":"scroll","background-type":"","background-media":"","overlay-type":"","overlay-color":"","overlay-opacity":"","overlay-gradient":""},"tablet":{"background-color":"","background-image":"","background-repeat":"repeat","background-position":"center center","background-size":"auto","background-attachment":"scroll","background-type":"","background-media":"","overlay-type":"","overlay-color":"","overlay-opacity":"","overlay-gradient":""},"mobile":{"background-color":"","background-image":"","background-repeat":"repeat","background-position":"center center","background-size":"auto","background-attachment":"scroll","background-type":"","background-media":"","overlay-type":"","overlay-color":"","overlay-opacity":"","overlay-gradient":""}},"ast-content-background-meta":{"desktop":{"background-color":"var(--ast-global-color-5)","background-image":"","background-repeat":"repeat","background-position":"center center","background-size":"auto","background-attachment":"scroll","background-type":"","background-media":"","overlay-type":"","overlay-color":"","overlay-opacity":"","overlay-gradient":""},"tablet":{"background-color":"var(--ast-global-color-5)","background-image":"","background-repeat":"repeat","background-position":"center center","background-size":"auto","background-attachment":"scroll","background-type":"","background-media":"","overlay-type":"","overlay-color":"","overlay-opacity":"","overlay-gradient":""},"mobile":{"background-color":"var(--ast-global-color-5)","background-image":"","background-repeat":"repeat","background-position":"center center","background-size":"auto","background-attachment":"scroll","background-type":"","background-media":"","overlay-type":"","overlay-color":"","overlay-opacity":"","overlay-gradient":""}}},"product_brand":[],"product_cat":[23],"product_tag":[25,26,22],"class_list":{"0":"post-1364","1":"product","2":"type-product","3":"status-publish","4":"has-post-thumbnail","6":"product_cat-cubiertos","7":"product_tag-frasco","8":"product_tag-gourmet","9":"product_tag-productos-cubieros","10":"desktop-align-left","11":"tablet-align-left","12":"mobile-align-left","14":"first","15":"instock","16":"shipping-taxable","17":"purchasable","18":"product-type-simple"},"uagb_featured_image_src":{"full":["https:\/\/litarkao.ranttis.com\/wp-content\/uploads\/2025\/07\/imagen_2025-07-20_160945135.png",1280,1846,false],"thumbnail":["https:\/\/litarkao.ranttis.com\/wp-content\/uploads\/2025\/07\/imagen_2025-07-20_160945135-150x150.png",150,150,true],"medium":["https:\/\/litarkao.ranttis.com\/wp-content\/uploads\/2025\/07\/imagen_2025-07-20_160945135-208x300.png",208,300,true],"medium_large":["https:\/\/litarkao.ranttis.com\/wp-content\/uploads\/2025\/07\/imagen_2025-07-20_160945135-768x1108.png",768,1108,true],"large":["https:\/\/litarkao.ranttis.com\/wp-content\/uploads\/2025\/07\/imagen_2025-07-20_160945135-710x1024.png",710,1024,true],"1536x1536":["https:\/\/litarkao.ranttis.com\/wp-content\/uploads\/2025\/07\/imagen_2025-07-20_160945135-1065x1536.png",1065,1536,true],"2048x2048":["https:\/\/litarkao.ranttis.com\/wp-content\/uploads\/2025\/07\/imagen_2025-07-20_160945135.png",1280,1846,false],"trp-custom-language-flag":["https:\/\/litarkao.ranttis.com\/wp-content\/uploads\/2025\/07\/imagen_2025-07-20_160945135.png",8,12,false],"woocommerce_thumbnail":["https:\/\/litarkao.ranttis.com\/wp-content\/uploads\/2025\/07\/imagen_2025-07-20_160945135-300x300.png",300,300,true],"woocommerce_single":["https:\/\/litarkao.ranttis.com\/wp-content\/uploads\/2025\/07\/imagen_2025-07-20_160945135-600x865.png",600,865,true],"woocommerce_gallery_thumbnail":["https:\/\/litarkao.ranttis.com\/wp-content\/uploads\/2025\/07\/imagen_2025-07-20_160945135-100x100.png",100,100,true]},"uagb_author_info":{"display_name":"jair","author_link":"https:\/\/litarkao.ranttis.com\/es_ec\/author\/"},"uagb_comment_info":0,"uagb_excerpt":"Ar\u00e1ndanos deshidratados cubiertos con chocolate de rico aroma a cacao. 1 Paquete. Peso neto: 7.05 oz (200g).","_links":{"self":[{"href":"https:\/\/litarkao.ranttis.com\/es_ec\/wp-json\/wp\/v2\/product\/1364","targetHints":{"allow":["GET"]}}],"collection":[{"href":"https:\/\/litarkao.ranttis.com\/es_ec\/wp-json\/wp\/v2\/product"}],"about":[{"href":"https:\/\/litarkao.ranttis.com\/es_ec\/wp-json\/wp\/v2\/types\/product"}],"replies":[{"embeddable":true,"href":"https:\/\/litarkao.ranttis.com\/es_ec\/wp-json\/wp\/v2\/comments?post=1364"}],"wp:featuredmedia":[{"embeddable":true,"href":"https:\/\/litarkao.ranttis.com\/es_ec\/wp-json\/wp\/v2\/media\/1365"}],"wp:attachment":[{"href":"https:\/\/litarkao.ranttis.com\/es_ec\/wp-json\/wp\/v2\/media?parent=1364"}],"wp:term":[{"taxonomy":"product_brand","embeddable":true,"href":"https:\/\/litarkao.ranttis.com\/es_ec\/wp-json\/wp\/v2\/product_brand?post=1364"},{"taxonomy":"product_cat","embeddable":true,"href":"https:\/\/litarkao.ranttis.com\/es_ec\/wp-json\/wp\/v2\/product_cat?post=1364"},{"taxonomy":"product_tag","embeddable":true,"href":"https:\/\/litarkao.ranttis.com\/es_ec\/wp-json\/wp\/v2\/product_tag?post=1364"}],"curies":[{"name":"wp","href":"https:\/\/api.w.org\/{rel}","templated":true}]}}