{"id":1377,"date":"2025-07-20T22:21:03","date_gmt":"2025-07-20T22:21:03","guid":{"rendered":"https:\/\/litarkao.ranttis.com\/?post_type=product&#038;p=1377"},"modified":"2025-07-20T22:21:03","modified_gmt":"2025-07-20T22:21:03","slug":"combo-2-trilogia-de-placer","status":"publish","type":"product","link":"https:\/\/litarkao.ranttis.com\/es_ec\/producto\/combo-2-trilogia-de-placer\/","title":{"rendered":"Combo 2 \u2013 \u00abTrilog\u00eda de Placer\u00bb"},"content":{"rendered":"<p>El Combo 2 \u201cTrilog\u00eda de Placer\u201d re\u00fane lo mejor del chocolate oscuro ecuatoriano. Disfruta de dos barras premium, un frasco con cobertura a elecci\u00f3n (almendras, cranberries o nibs) y un delicioso paquete de grajeas de almendra ba\u00f1adas en chocolate. Ideal para compartir o disfrutar solo.<\/p>\n","protected":false},"excerpt":{"rendered":"<p>Doble chocolate premium con frasco y grajeas en una presentaci\u00f3n elegante.<\/p>\n","protected":false},"featured_media":1378,"comment_status":"open","ping_status":"closed","template":"","meta":{"_coblocks_attr":"","_coblocks_dimensions":"","_coblocks_responsive_height":"","_coblocks_accordion_ie_support":"","_uag_custom_page_level_css":"","site-sidebar-layout":"default","site-content-layout":"","ast-site-content-layout":"default","site-content-style":"default","site-sidebar-style":"default","ast-global-header-display":"","ast-banner-title-visibility":"","ast-main-header-display":"","ast-hfb-above-header-display":"","ast-hfb-below-header-display":"","ast-hfb-mobile-header-display":"","site-post-title":"","ast-breadcrumbs-content":"","ast-featured-img":"","footer-sml-layout":"","theme-transparent-header-meta":"default","adv-header-id-meta":"","stick-header-meta":"","header-above-stick-meta":"","header-main-stick-meta":"","header-below-stick-meta":"","astra-migrate-meta-layouts":"set","ast-page-background-enabled":"default","ast-page-background-meta":{"desktop":{"background-color":"var(--ast-global-color-4)","background-image":"","background-repeat":"repeat","background-position":"center center","background-size":"auto","background-attachment":"scroll","background-type":"","background-media":"","overlay-type":"","overlay-color":"","overlay-opacity":"","overlay-gradient":""},"tablet":{"background-color":"","background-image":"","background-repeat":"repeat","background-position":"center center","background-size":"auto","background-attachment":"scroll","background-type":"","background-media":"","overlay-type":"","overlay-color":"","overlay-opacity":"","overlay-gradient":""},"mobile":{"background-color":"","background-image":"","background-repeat":"repeat","background-position":"center center","background-size":"auto","background-attachment":"scroll","background-type":"","background-media":"","overlay-type":"","overlay-color":"","overlay-opacity":"","overlay-gradient":""}},"ast-content-background-meta":{"desktop":{"background-color":"var(--ast-global-color-5)","background-image":"","background-repeat":"repeat","background-position":"center center","background-size":"auto","background-attachment":"scroll","background-type":"","background-media":"","overlay-type":"","overlay-color":"","overlay-opacity":"","overlay-gradient":""},"tablet":{"background-color":"var(--ast-global-color-5)","background-image":"","background-repeat":"repeat","background-position":"center center","background-size":"auto","background-attachment":"scroll","background-type":"","background-media":"","overlay-type":"","overlay-color":"","overlay-opacity":"","overlay-gradient":""},"mobile":{"background-color":"var(--ast-global-color-5)","background-image":"","background-repeat":"repeat","background-position":"center center","background-size":"auto","background-attachment":"scroll","background-type":"","background-media":"","overlay-type":"","overlay-color":"","overlay-opacity":"","overlay-gradient":""}}},"product_brand":[],"product_cat":[30],"product_tag":[24,21,27,25,26,31,22],"class_list":{"0":"post-1377","1":"product","2":"type-product","3":"status-publish","4":"has-post-thumbnail","6":"product_cat-regalos-combos","7":"product_tag-almendras","8":"product_tag-barras","9":"product_tag-bolsa","10":"product_tag-frasco","11":"product_tag-gourmet","12":"product_tag-premium","13":"product_tag-productos-cubieros","14":"desktop-align-left","15":"tablet-align-left","16":"mobile-align-left","18":"first","19":"instock","20":"shipping-taxable","21":"purchasable","22":"product-type-simple"},"uagb_featured_image_src":{"full":["https:\/\/litarkao.ranttis.com\/wp-content\/uploads\/2025\/07\/imagen_2025-07-20_171339464.png",1280,1058,false],"thumbnail":["https:\/\/litarkao.ranttis.com\/wp-content\/uploads\/2025\/07\/imagen_2025-07-20_171339464-150x150.png",150,150,true],"medium":["https:\/\/litarkao.ranttis.com\/wp-content\/uploads\/2025\/07\/imagen_2025-07-20_171339464-300x248.png",300,248,true],"medium_large":["https:\/\/litarkao.ranttis.com\/wp-content\/uploads\/2025\/07\/imagen_2025-07-20_171339464-768x635.png",768,635,true],"large":["https:\/\/litarkao.ranttis.com\/wp-content\/uploads\/2025\/07\/imagen_2025-07-20_171339464-1024x846.png",1024,846,true],"1536x1536":["https:\/\/litarkao.ranttis.com\/wp-content\/uploads\/2025\/07\/imagen_2025-07-20_171339464.png",1280,1058,false],"2048x2048":["https:\/\/litarkao.ranttis.com\/wp-content\/uploads\/2025\/07\/imagen_2025-07-20_171339464.png",1280,1058,false],"trp-custom-language-flag":["https:\/\/litarkao.ranttis.com\/wp-content\/uploads\/2025\/07\/imagen_2025-07-20_171339464.png",15,12,false],"woocommerce_thumbnail":["https:\/\/litarkao.ranttis.com\/wp-content\/uploads\/2025\/07\/imagen_2025-07-20_171339464-300x300.png",300,300,true],"woocommerce_single":["https:\/\/litarkao.ranttis.com\/wp-content\/uploads\/2025\/07\/imagen_2025-07-20_171339464-600x496.png",600,496,true],"woocommerce_gallery_thumbnail":["https:\/\/litarkao.ranttis.com\/wp-content\/uploads\/2025\/07\/imagen_2025-07-20_171339464-100x100.png",100,100,true]},"uagb_author_info":{"display_name":"jair","author_link":"https:\/\/litarkao.ranttis.com\/es_ec\/author\/"},"uagb_comment_info":0,"uagb_excerpt":"Doble chocolate premium con frasco y grajeas en una presentaci\u00f3n elegante.","_links":{"self":[{"href":"https:\/\/litarkao.ranttis.com\/es_ec\/wp-json\/wp\/v2\/product\/1377","targetHints":{"allow":["GET"]}}],"collection":[{"href":"https:\/\/litarkao.ranttis.com\/es_ec\/wp-json\/wp\/v2\/product"}],"about":[{"href":"https:\/\/litarkao.ranttis.com\/es_ec\/wp-json\/wp\/v2\/types\/product"}],"replies":[{"embeddable":true,"href":"https:\/\/litarkao.ranttis.com\/es_ec\/wp-json\/wp\/v2\/comments?post=1377"}],"wp:featuredmedia":[{"embeddable":true,"href":"https:\/\/litarkao.ranttis.com\/es_ec\/wp-json\/wp\/v2\/media\/1378"}],"wp:attachment":[{"href":"https:\/\/litarkao.ranttis.com\/es_ec\/wp-json\/wp\/v2\/media?parent=1377"}],"wp:term":[{"taxonomy":"product_brand","embeddable":true,"href":"https:\/\/litarkao.ranttis.com\/es_ec\/wp-json\/wp\/v2\/product_brand?post=1377"},{"taxonomy":"product_cat","embeddable":true,"href":"https:\/\/litarkao.ranttis.com\/es_ec\/wp-json\/wp\/v2\/product_cat?post=1377"},{"taxonomy":"product_tag","embeddable":true,"href":"https:\/\/litarkao.ranttis.com\/es_ec\/wp-json\/wp\/v2\/product_tag?post=1377"}],"curies":[{"name":"wp","href":"https:\/\/api.w.org\/{rel}","templated":true}]}}